{"id":361,"date":"2019-10-30T19:37:49","date_gmt":"2019-10-30T19:37:49","guid":{"rendered":"http:\/\/demo.athemes.com\/sydney-redesign\/?page_id=361"},"modified":"2026-03-13T16:59:00","modified_gmt":"2026-03-13T19:59:00","slug":"team","status":"publish","type":"page","link":"https:\/\/www.colegiocristianodequilpue.cl\/web\/team\/","title":{"rendered":"Equipo directivo"},"content":{"rendered":"\t\t<div data-elementor-type=\"wp-page\" data-elementor-id=\"361\" class=\"elementor elementor-361\" data-elementor-settings=\"[]\">\n\t\t\t<div class=\"elementor-inner\">\n\t\t\t\t<div class=\"elementor-section-wrap\">\n\t\t\t\t\t\t\t<section class=\"elementor-element elementor-element-04f98ef elementor-section-boxed elementor-section-height-default elementor-section-height-default elementor-section elementor-top-section\" data-id=\"04f98ef\" data-element_type=\"section\">\n\t\t\t\t\t\t<div class=\"elementor-container elementor-column-gap-default\">\n\t\t\t\t<div class=\"elementor-row\">\n\t\t\t\t<div class=\"elementor-element elementor-element-d591b08 elementor-column elementor-col-100 elementor-top-column\" data-id=\"d591b08\" data-element_type=\"column\">\n\t\t\t<div class=\"elementor-column-wrap  elementor-element-populated\">\n\t\t\t\t\t<div class=\"elementor-widget-wrap\">\n\t\t\t\t<div class=\"elementor-element elementor-element-6c47377 elementor-widget elementor-widget-heading\" data-id=\"6c47377\" data-element_type=\"widget\" data-widget_type=\"heading.default\">\n\t\t\t\t<div class=\"elementor-widget-container\">\n\t\t\t<h1 class=\"elementor-heading-title elementor-size-default\">Organizaci\u00f3n, Representantes y Directivos\u200b<\/h1>\t\t<\/div>\n\t\t\t\t<\/div>\n\t\t\t\t\t\t<\/div>\n\t\t\t<\/div>\n\t\t<\/div>\n\t\t\t\t\t\t<\/div>\n\t\t\t<\/div>\n\t\t<\/section>\n\t\t\t\t<section class=\"elementor-element elementor-element-a4a2cad elementor-section-boxed elementor-section-height-default elementor-section-height-default elementor-section elementor-top-section\" data-id=\"a4a2cad\" data-element_type=\"section\">\n\t\t\t\t\t\t<div class=\"elementor-container elementor-column-gap-default\">\n\t\t\t\t<div class=\"elementor-row\">\n\t\t\t\t<div class=\"elementor-element elementor-element-8e54eec elementor-column elementor-col-20 elementor-top-column\" data-id=\"8e54eec\" data-element_type=\"column\">\n\t\t\t<div class=\"elementor-column-wrap  elementor-element-populated\">\n\t\t\t\t\t<div class=\"elementor-widget-wrap\">\n\t\t\t\t<div class=\"elementor-element elementor-element-1814fcb elementor-widget elementor-widget-image\" data-id=\"1814fcb\" data-element_type=\"widget\" data-widget_type=\"image.default\">\n\t\t\t\t<div class=\"elementor-widget-container\">\n\t\t\t\t\t<div class=\"elementor-image\">\n\t\t\t\t\t\t\t\t\t\t<img loading=\"lazy\" decoding=\"async\" width=\"563\" height=\"1000\" src=\"https:\/\/www.colegiocristianodequilpue.cl\/web\/wp-content\/uploads\/60b9b046-7ab3-4ca8-ad94-0e39badc308b-563x1000.jpg\" class=\"attachment-large size-large\" alt=\"\" srcset=\"https:\/\/www.colegiocristianodequilpue.cl\/web\/wp-content\/uploads\/60b9b046-7ab3-4ca8-ad94-0e39badc308b-563x1000.jpg 563w, https:\/\/www.colegiocristianodequilpue.cl\/web\/wp-content\/uploads\/60b9b046-7ab3-4ca8-ad94-0e39badc308b-230x409.jpg 230w, https:\/\/www.colegiocristianodequilpue.cl\/web\/wp-content\/uploads\/60b9b046-7ab3-4ca8-ad94-0e39badc308b-350x622.jpg 350w, https:\/\/www.colegiocristianodequilpue.cl\/web\/wp-content\/uploads\/60b9b046-7ab3-4ca8-ad94-0e39badc308b-480x853.jpg 480w\" sizes=\"auto, (max-width: 563px) 100vw, 563px\" \/>\t\t\t\t\t\t\t\t\t\t\t<\/div>\n\t\t\t\t<\/div>\n\t\t\t\t<\/div>\n\t\t\t\t\t\t<\/div>\n\t\t\t<\/div>\n\t\t<\/div>\n\t\t\t\t<div class=\"elementor-element elementor-element-cfbccbc elementor-column elementor-col-20 elementor-top-column\" data-id=\"cfbccbc\" data-element_type=\"column\">\n\t\t\t<div class=\"elementor-column-wrap  elementor-element-populated\">\n\t\t\t\t\t<div class=\"elementor-widget-wrap\">\n\t\t\t\t<div class=\"elementor-element elementor-element-2d4bbfe elementor-widget elementor-widget-image\" data-id=\"2d4bbfe\" data-element_type=\"widget\" data-widget_type=\"image.default\">\n\t\t\t\t<div class=\"elementor-widget-container\">\n\t\t\t\t\t<div class=\"elementor-image\">\n\t\t\t\t\t\t\t\t\t\t<img loading=\"lazy\" decoding=\"async\" width=\"563\" height=\"1000\" src=\"https:\/\/www.colegiocristianodequilpue.cl\/web\/wp-content\/uploads\/a35d5453-9ed5-4900-9a99-0d781595d2f4-563x1000.jpg\" class=\"attachment-large size-large\" alt=\"\" srcset=\"https:\/\/www.colegiocristianodequilpue.cl\/web\/wp-content\/uploads\/a35d5453-9ed5-4900-9a99-0d781595d2f4-563x1000.jpg 563w, https:\/\/www.colegiocristianodequilpue.cl\/web\/wp-content\/uploads\/a35d5453-9ed5-4900-9a99-0d781595d2f4-230x409.jpg 230w, https:\/\/www.colegiocristianodequilpue.cl\/web\/wp-content\/uploads\/a35d5453-9ed5-4900-9a99-0d781595d2f4-350x622.jpg 350w, https:\/\/www.colegiocristianodequilpue.cl\/web\/wp-content\/uploads\/a35d5453-9ed5-4900-9a99-0d781595d2f4-480x853.jpg 480w\" sizes=\"auto, (max-width: 563px) 100vw, 563px\" \/>\t\t\t\t\t\t\t\t\t\t\t<\/div>\n\t\t\t\t<\/div>\n\t\t\t\t<\/div>\n\t\t\t\t\t\t<\/div>\n\t\t\t<\/div>\n\t\t<\/div>\n\t\t\t\t<div class=\"elementor-element elementor-element-f4a8796 elementor-column elementor-col-20 elementor-top-column\" data-id=\"f4a8796\" data-element_type=\"column\">\n\t\t\t<div class=\"elementor-column-wrap  elementor-element-populated\">\n\t\t\t\t\t<div class=\"elementor-widget-wrap\">\n\t\t\t\t<div class=\"elementor-element elementor-element-b98f592 elementor-widget elementor-widget-image\" data-id=\"b98f592\" data-element_type=\"widget\" data-widget_type=\"image.default\">\n\t\t\t\t<div class=\"elementor-widget-container\">\n\t\t\t\t\t<div class=\"elementor-image\">\n\t\t\t\t\t\t\t\t\t\t<img loading=\"lazy\" decoding=\"async\" width=\"563\" height=\"1000\" src=\"https:\/\/www.colegiocristianodequilpue.cl\/web\/wp-content\/uploads\/1776dfe3-8ff4-471d-a39d-e07e4ba7dbdd-563x1000.jpg\" class=\"attachment-large size-large\" alt=\"\" srcset=\"https:\/\/www.colegiocristianodequilpue.cl\/web\/wp-content\/uploads\/1776dfe3-8ff4-471d-a39d-e07e4ba7dbdd-563x1000.jpg 563w, https:\/\/www.colegiocristianodequilpue.cl\/web\/wp-content\/uploads\/1776dfe3-8ff4-471d-a39d-e07e4ba7dbdd-230x409.jpg 230w, https:\/\/www.colegiocristianodequilpue.cl\/web\/wp-content\/uploads\/1776dfe3-8ff4-471d-a39d-e07e4ba7dbdd-350x622.jpg 350w, https:\/\/www.colegiocristianodequilpue.cl\/web\/wp-content\/uploads\/1776dfe3-8ff4-471d-a39d-e07e4ba7dbdd-480x853.jpg 480w\" sizes=\"auto, (max-width: 563px) 100vw, 563px\" \/>\t\t\t\t\t\t\t\t\t\t\t<\/div>\n\t\t\t\t<\/div>\n\t\t\t\t<\/div>\n\t\t\t\t\t\t<\/div>\n\t\t\t<\/div>\n\t\t<\/div>\n\t\t\t\t<div class=\"elementor-element elementor-element-d8f023c elementor-column elementor-col-20 elementor-top-column\" data-id=\"d8f023c\" data-element_type=\"column\">\n\t\t\t<div class=\"elementor-column-wrap  elementor-element-populated\">\n\t\t\t\t\t<div class=\"elementor-widget-wrap\">\n\t\t\t\t<div class=\"elementor-element elementor-element-d1d9187 elementor-widget elementor-widget-image\" data-id=\"d1d9187\" data-element_type=\"widget\" data-widget_type=\"image.default\">\n\t\t\t\t<div class=\"elementor-widget-container\">\n\t\t\t\t\t<div class=\"elementor-image\">\n\t\t\t\t\t\t\t\t\t\t<img loading=\"lazy\" decoding=\"async\" width=\"563\" height=\"1000\" src=\"https:\/\/www.colegiocristianodequilpue.cl\/web\/wp-content\/uploads\/9d59662a-a0e8-4df0-8407-10a45297d660-563x1000.jpg\" class=\"attachment-large size-large\" alt=\"\" srcset=\"https:\/\/www.colegiocristianodequilpue.cl\/web\/wp-content\/uploads\/9d59662a-a0e8-4df0-8407-10a45297d660-563x1000.jpg 563w, https:\/\/www.colegiocristianodequilpue.cl\/web\/wp-content\/uploads\/9d59662a-a0e8-4df0-8407-10a45297d660-230x409.jpg 230w, https:\/\/www.colegiocristianodequilpue.cl\/web\/wp-content\/uploads\/9d59662a-a0e8-4df0-8407-10a45297d660-350x622.jpg 350w, https:\/\/www.colegiocristianodequilpue.cl\/web\/wp-content\/uploads\/9d59662a-a0e8-4df0-8407-10a45297d660-480x853.jpg 480w\" sizes=\"auto, (max-width: 563px) 100vw, 563px\" \/>\t\t\t\t\t\t\t\t\t\t\t<\/div>\n\t\t\t\t<\/div>\n\t\t\t\t<\/div>\n\t\t\t\t\t\t<\/div>\n\t\t\t<\/div>\n\t\t<\/div>\n\t\t\t\t<div class=\"elementor-element elementor-element-994d556 elementor-column elementor-col-20 elementor-top-column\" data-id=\"994d556\" data-element_type=\"column\">\n\t\t\t<div class=\"elementor-column-wrap  elementor-element-populated\">\n\t\t\t\t\t<div class=\"elementor-widget-wrap\">\n\t\t\t\t<div class=\"elementor-element elementor-element-e7709f1 elementor-widget elementor-widget-image\" data-id=\"e7709f1\" data-element_type=\"widget\" data-widget_type=\"image.default\">\n\t\t\t\t<div class=\"elementor-widget-container\">\n\t\t\t\t\t<div class=\"elementor-image\">\n\t\t\t\t\t\t\t\t\t\t<img loading=\"lazy\" decoding=\"async\" width=\"563\" height=\"1000\" src=\"https:\/\/www.colegiocristianodequilpue.cl\/web\/wp-content\/uploads\/190762e0-1f63-4959-9f3c-169b064b4527-563x1000.jpg\" class=\"attachment-large size-large\" alt=\"\" srcset=\"https:\/\/www.colegiocristianodequilpue.cl\/web\/wp-content\/uploads\/190762e0-1f63-4959-9f3c-169b064b4527-563x1000.jpg 563w, https:\/\/www.colegiocristianodequilpue.cl\/web\/wp-content\/uploads\/190762e0-1f63-4959-9f3c-169b064b4527-230x409.jpg 230w, https:\/\/www.colegiocristianodequilpue.cl\/web\/wp-content\/uploads\/190762e0-1f63-4959-9f3c-169b064b4527-350x622.jpg 350w, https:\/\/www.colegiocristianodequilpue.cl\/web\/wp-content\/uploads\/190762e0-1f63-4959-9f3c-169b064b4527-480x853.jpg 480w\" sizes=\"auto, (max-width: 563px) 100vw, 563px\" \/>\t\t\t\t\t\t\t\t\t\t\t<\/div>\n\t\t\t\t<\/div>\n\t\t\t\t<\/div>\n\t\t\t\t\t\t<\/div>\n\t\t\t<\/div>\n\t\t<\/div>\n\t\t\t\t\t\t<\/div>\n\t\t\t<\/div>\n\t\t<\/section>\n\t\t\t\t<section class=\"elementor-element elementor-element-90292e9 elementor-section-boxed elementor-section-height-default elementor-section-height-default elementor-section elementor-top-section\" data-id=\"90292e9\" data-element_type=\"section\">\n\t\t\t\t\t\t<div class=\"elementor-container elementor-column-gap-default\">\n\t\t\t\t<div class=\"elementor-row\">\n\t\t\t\t<div class=\"elementor-element elementor-element-e67cc77 elementor-column elementor-col-20 elementor-top-column\" data-id=\"e67cc77\" data-element_type=\"column\">\n\t\t\t<div class=\"elementor-column-wrap  elementor-element-populated\">\n\t\t\t\t\t<div class=\"elementor-widget-wrap\">\n\t\t\t\t<div class=\"elementor-element elementor-element-d244bca elementor-widget elementor-widget-text-editor\" data-id=\"d244bca\" data-element_type=\"widget\" data-widget_type=\"text-editor.default\">\n\t\t\t\t<div class=\"elementor-widget-container\">\n\t\t\t\t\t<div class=\"elementor-text-editor elementor-clearfix\"><p style=\"text-align: center;\"><span style=\"color: #000000;\"><strong>Carlos Figueroa Barr\u00eda<\/strong><\/span><\/p><p style=\"text-align: center;\"><span style=\"color: #000000;\"><strong>Director y Sostenedor<\/strong><\/span><\/p><\/div>\n\t\t\t\t<\/div>\n\t\t\t\t<\/div>\n\t\t\t\t\t\t<\/div>\n\t\t\t<\/div>\n\t\t<\/div>\n\t\t\t\t<div class=\"elementor-element elementor-element-2b51bcb elementor-column elementor-col-20 elementor-top-column\" data-id=\"2b51bcb\" data-element_type=\"column\">\n\t\t\t<div class=\"elementor-column-wrap  elementor-element-populated\">\n\t\t\t\t\t<div class=\"elementor-widget-wrap\">\n\t\t\t\t<div class=\"elementor-element elementor-element-9acb6ec elementor-widget elementor-widget-text-editor\" data-id=\"9acb6ec\" data-element_type=\"widget\" data-widget_type=\"text-editor.default\">\n\t\t\t\t<div class=\"elementor-widget-container\">\n\t\t\t\t\t<div class=\"elementor-text-editor elementor-clearfix\"><p style=\"text-align: center;\"><span style=\"color: #000000;\"><strong>Gloria Ponce D\u00edaz<\/strong><\/span><\/p><p style=\"text-align: center;\"><span style=\"color: #000000;\"><strong>Jefa de Unidad T\u00e9cnica Pedag\u00f3gica<\/strong><\/span><\/p><\/div>\n\t\t\t\t<\/div>\n\t\t\t\t<\/div>\n\t\t\t\t\t\t<\/div>\n\t\t\t<\/div>\n\t\t<\/div>\n\t\t\t\t<div class=\"elementor-element elementor-element-a08e8cd elementor-column elementor-col-20 elementor-top-column\" data-id=\"a08e8cd\" data-element_type=\"column\">\n\t\t\t<div class=\"elementor-column-wrap  elementor-element-populated\">\n\t\t\t\t\t<div class=\"elementor-widget-wrap\">\n\t\t\t\t<div class=\"elementor-element elementor-element-f0357b7 elementor-widget elementor-widget-text-editor\" data-id=\"f0357b7\" data-element_type=\"widget\" data-widget_type=\"text-editor.default\">\n\t\t\t\t<div class=\"elementor-widget-container\">\n\t\t\t\t\t<div class=\"elementor-text-editor elementor-clearfix\"><p style=\"text-align: center;\"><span style=\"color: #000000;\"><strong>Alicia Cornejo Guajardo<\/strong><\/span><\/p><p style=\"text-align: center;\"><span style=\"color: #000000;\"><strong>Inspectora General de Ense\u00f1anza Media<\/strong><\/span><\/p><\/div>\n\t\t\t\t<\/div>\n\t\t\t\t<\/div>\n\t\t\t\t\t\t<\/div>\n\t\t\t<\/div>\n\t\t<\/div>\n\t\t\t\t<div class=\"elementor-element elementor-element-a8a7b24 elementor-column elementor-col-20 elementor-top-column\" data-id=\"a8a7b24\" data-element_type=\"column\">\n\t\t\t<div class=\"elementor-column-wrap  elementor-element-populated\">\n\t\t\t\t\t<div class=\"elementor-widget-wrap\">\n\t\t\t\t<div class=\"elementor-element elementor-element-e9f1230 elementor-widget elementor-widget-text-editor\" data-id=\"e9f1230\" data-element_type=\"widget\" data-widget_type=\"text-editor.default\">\n\t\t\t\t<div class=\"elementor-widget-container\">\n\t\t\t\t\t<div class=\"elementor-text-editor elementor-clearfix\"><p style=\"text-align: center;\"><strong><span style=\"color: #000000;\">Mar\u00eda Isabel Herrera Olivares<\/span><\/strong><\/p><p style=\"text-align: center;\"><strong><span style=\"color: #000000;\">Inspectora General de Ense\u00f1anza B\u00e1sica<\/span><\/strong><\/p><\/div>\n\t\t\t\t<\/div>\n\t\t\t\t<\/div>\n\t\t\t\t\t\t<\/div>\n\t\t\t<\/div>\n\t\t<\/div>\n\t\t\t\t<div class=\"elementor-element elementor-element-2813324 elementor-column elementor-col-20 elementor-top-column\" data-id=\"2813324\" data-element_type=\"column\">\n\t\t\t<div class=\"elementor-column-wrap  elementor-element-populated\">\n\t\t\t\t\t<div class=\"elementor-widget-wrap\">\n\t\t\t\t<div class=\"elementor-element elementor-element-d94e558 elementor-widget elementor-widget-text-editor\" data-id=\"d94e558\" data-element_type=\"widget\" data-widget_type=\"text-editor.default\">\n\t\t\t\t<div class=\"elementor-widget-container\">\n\t\t\t\t\t<div class=\"elementor-text-editor elementor-clearfix\"><p style=\"text-align: center;\"><strong><span style=\"color: #000000;\">Ricardo Ch\u00e1vez Mendoza<\/span><\/strong><\/p><p style=\"text-align: center;\"><strong><span style=\"color: #000000;\">Administrador<\/span><\/strong><\/p><\/div>\n\t\t\t\t<\/div>\n\t\t\t\t<\/div>\n\t\t\t\t\t\t<\/div>\n\t\t\t<\/div>\n\t\t<\/div>\n\t\t\t\t\t\t<\/div>\n\t\t\t<\/div>\n\t\t<\/section>\n\t\t\t\t\t\t<\/div>\n\t\t\t<\/div>\n\t\t<\/div>\n\t\t<div class='avc_visit_counter_front_simple' style=\" width: 100%; max-width: 400px; border: 3px solid rgba(202, 17, 17, 0.95); color:#137098; background-color:#263246; border-radius: 3px; margin: 0px auto; padding: 7px;\">   Numero de Visitas   140102<\/div>","protected":false},"excerpt":{"rendered":"<p>Organizaci\u00f3n, Representantes y Directivos\u200b Carlos Figueroa Barr\u00eda Director y Sostenedor Gloria Ponce D\u00edaz Jefa de Unidad T\u00e9cnica Pedag\u00f3gica Alicia Cornejo Guajardo Inspectora General de Ense\u00f1anza Media Mar\u00eda Isabel Herrera Olivares Inspectora General de Ense\u00f1anza B\u00e1sica Ricardo Ch\u00e1vez Mendoza Administrador Numero de Visitas 140102<\/p>\n","protected":false},"author":1,"featured_media":0,"parent":0,"menu_order":0,"comment_status":"closed","ping_status":"closed","template":"page-templates\/page_front-page.php","meta":{"footnotes":""},"class_list":["post-361","page","type-page","status-publish","hentry"],"_links":{"self":[{"href":"https:\/\/www.colegiocristianodequilpue.cl\/web\/wp-json\/wp\/v2\/pages\/361","targetHints":{"allow":["GET"]}}],"collection":[{"href":"https:\/\/www.colegiocristianodequilpue.cl\/web\/wp-json\/wp\/v2\/pages"}],"about":[{"href":"https:\/\/www.colegiocristianodequilpue.cl\/web\/wp-json\/wp\/v2\/types\/page"}],"author":[{"embeddable":true,"href":"https:\/\/www.colegiocristianodequilpue.cl\/web\/wp-json\/wp\/v2\/users\/1"}],"replies":[{"embeddable":true,"href":"https:\/\/www.colegiocristianodequilpue.cl\/web\/wp-json\/wp\/v2\/comments?post=361"}],"version-history":[{"count":38,"href":"https:\/\/www.colegiocristianodequilpue.cl\/web\/wp-json\/wp\/v2\/pages\/361\/revisions"}],"predecessor-version":[{"id":2022,"href":"https:\/\/www.colegiocristianodequilpue.cl\/web\/wp-json\/wp\/v2\/pages\/361\/revisions\/2022"}],"wp:attachment":[{"href":"https:\/\/www.colegiocristianodequilpue.cl\/web\/wp-json\/wp\/v2\/media?parent=361"}],"curies":[{"name":"wp","href":"https:\/\/api.w.org\/{rel}","templated":true}]}}